{"id":2532,"date":"2024-05-06T11:27:31","date_gmt":"2024-05-06T11:27:31","guid":{"rendered":"https:\/\/feldhof-tirol.com\/imprint-feldhof\/"},"modified":"2024-05-06T11:52:18","modified_gmt":"2024-05-06T11:52:18","slug":"imprint-feldhof","status":"publish","type":"page","link":"https:\/\/feldhof-tirol.com\/en\/feldhof-apartments\/imprint-feldhof\/","title":{"rendered":"Imprint Feldhof"},"content":{"rendered":"\t\t<div data-elementor-type=\"wp-page\" data-elementor-id=\"2532\" class=\"elementor elementor-2532 elementor-2511\" data-elementor-post-type=\"page\">\n\t\t\t\t<div class=\"elementor-element elementor-element-2f8563c e-flex e-con-boxed e-con e-parent\" data-id=\"2f8563c\" data-element_type=\"container\" data-e-type=\"container\" data-settings=\"{&quot;background_background&quot;:&quot;classic&quot;}\">\n\t\t\t\t\t<div class=\"e-con-inner\">\n\t\t<div class=\"elementor-element elementor-element-db750b0 e-flex e-con-boxed e-con e-child\" data-id=\"db750b0\" data-element_type=\"container\" data-e-type=\"container\">\n\t\t\t\t\t<div class=\"e-con-inner\">\n\t\t\t\t<div class=\"elementor-element elementor-element-bf4c129 elementor-widget elementor-widget-heading\" data-id=\"bf4c129\" data-element_type=\"widget\" data-e-type=\"widget\" data-widget_type=\"heading.default\">\n\t\t\t\t<div class=\"elementor-widget-container\">\n\t\t\t\t\t<h1 class=\"elementor-heading-title elementor-size-default\">Imprint<\/h1>\t\t\t\t<\/div>\n\t\t\t\t<\/div>\n\t\t\t\t\t<\/div>\n\t\t\t\t<\/div>\n\t\t\t\t<div class=\"elementor-element elementor-element-4d11bce elementor-widget__width-auto link-orange elementor-widget elementor-widget-text-editor\" data-id=\"4d11bce\" data-element_type=\"widget\" data-e-type=\"widget\" data-widget_type=\"text-editor.default\">\n\t\t\t\t<div class=\"elementor-widget-container\">\n\t\t\t\t\t\t\t\t\t<p><strong>Owner &amp; operator of the website:<\/strong><\/p>\n<p>Family Kr\u00f6sbacher<br \/>\nMedrazerstra\u00dfe 34<br \/>\n6166 Fulpmes<\/p>\n<p><a title=\"Call +4352256367 via 3CX\" href=\"https:\/\/feldhof-tirol.com\/en\/feldhof-apartments\/\" target=\"_blank\" rel=\"noopener\">+43 5225 63167<\/a><br \/>\n<a href=\"mailto:info@feldhof-tirol.com\">info@feldhof-tirol.com<\/a><\/p>\n<p>Company name: Apartment am Feldhof<br \/>\nCompany name: Kr\u00f6sbacher Johanna<br \/>\nObject of the company: Apartments<br \/>\nLegal form: Privat<br \/>\nPlace for the trade licence: Fulpmes im Stubaital<br \/>\nVAT Reg. No.:ATU70058439<br \/>\nChamber affiliation: Wirtschaftskammer Innsbruck<br \/>\nSupervisory authority: BH Innsbruck<\/p>\n<p><strong>Design, programming &amp; hosting:<\/strong><\/p>\n<p>Huber Web Media GmbH<\/p>\n<p>Mils Au 70<br \/>\n6493 Mils bei Imst<br \/>\nTyrol \u2013 Austria<\/p>\n<p>Tel.: 0043 650 4488663<br \/>\nMail: <a href=\"mailto:info@huberwebmedia.at\">info@huberwebmedia.at<\/a><br \/>\nWeb: <a href=\"http:\/\/www.huberwebmedia.at\">www.huberwebmedia.at<\/a><br \/>\nUID: ATU 77423049<\/p>\n<p><strong>Liability:<\/strong><\/p>\n<p>All contents have been examined carefully, however no guarantee can be made regarding accuracy, completeness, and topicality. Liabilities caused by the use or misuse of the information offered, or by the use of incorrect and incomplete information, are strictly excluded.<\/p>\n<p><strong>Liability for links:<\/strong><\/p>\n<p>Our website contains links to external, third-party websites for which our organisation is not responsible. We have no influence on the content of these websites, but the operating companies of these sites are exclusively responsible. No unlawful contents were in evidence at the time the links were created.<\/p>\n<p><strong>Image rights:<\/strong><\/p>\n<p>The images which appear on this website are protected by copyright and are non-binding.<\/p>\n<p>GRAWA ALM<\/p>\n<p class=\"p1\">Bilder der Grawa Alm \u00a9 Lukas Pfurtscheller<br \/>\nWildeWasserWeg \u00a9 TVB Stubai Tirol &#8211; Andre Sch\u00f6nherr<br \/>\nAlmabtrieb \u00a9 TVB Stubai Tirol<br \/>\nSkitour \u00a9 Schlick 2000 \/ Gartner<br \/>\nGrawa Wasserfall \u00a9 TVB Stubai Tirol &#8211; Andre Sch\u00f6nherr<\/p>\n<p>APARTMENTS AM FELDHOF<\/p>\n<p class=\"p1\">Sommerpanorama Stubaital \u00a9 TVB Stubai Tirol &#8211; Andre Sch\u00f6nherr<br \/>\nPaar beim Wandern zum hohen Burgstall \u00a9 TVB Stubai Tirol &#8211; Max Dr\u00e4ger<br \/>\nWildeWasserWeg Grawa Observatorium \u00a9 TVB Stubai Tirol &#8211; Max Dr\u00e4ger<br \/>\nStubai Radweg &#8211; Mischbach Wasserfall \u00a9 TVB Stubai Tirol &#8211; Max Dr\u00e4ger<br \/>\nStubaier Bergseen &#8211; Erfrischung am Schlicker See \u00a9 TVB Stubai Tirol &#8211; Andre Sch\u00f6nherr<br \/>\nWanderer am Zw\u00f6lfernieder \u00a9 TVB Stubai Tirol &#8211; Max Dr\u00e4ger<br \/>\nRodeln vor der Serles in Mieders \u00a9 TVB Stubai Tirol &#8211; Andre Sch\u00f6nherr<br \/>\nWinterwandern vor der Serles in Mieders \u00a9 TVB Stubai Tirol &#8211; Andre Sch\u00f6nherr<br \/>\nErste Spur im Powder Department am Stubaier Gletscher \u00a9 TVB Stubai Tirol &#8211; Andre Sch\u00f6nherr<br \/>\nBlick von den Kalkk\u00f6geln auf die Schlick 2000 \u00a9 TVB Stubai Tirol &#8211; Andre Sch\u00f6nherr<br \/>\nSerles &#8211; Das Tor zum Stubaital \u00a9 Danijel Jovanovic<\/p>\n<p>\u00a9 Huber Web Media \u2013 all rights reserved.<\/p>\n<p><strong>Copyright:<\/strong><\/p>\n<p>All texts, graphics and images are protected by copyright and may not be used unless prior permission has been obtained from the owner.<\/p>\n<p><strong>Purpose of the website:<\/strong><\/p>\n<p>This website serves to inform the user about goods and services of our organisation.<\/p>\n\t\t\t\t\t\t\t\t<\/div>\n\t\t\t\t<\/div>\n\t\t\t\t\t<\/div>\n\t\t\t\t<\/div>\n\t\t\t\t<\/div>\n\t\t","protected":false},"excerpt":{"rendered":"<p>Imprint Owner &amp; operator of the website: Family Kr\u00f6sbacher Medrazerstra\u00dfe 34 6166 Fulpmes +43 5225 63167 info@feldhof-tirol.com Company name: Apartment am Feldhof Company name: Kr\u00f6sbacher Johanna Object of the company: Apartments Legal form: Privat Place for the trade licence: Fulpmes im Stubaital VAT Reg. No.:ATU70058439 Chamber affiliation: Wirtschaftskammer Innsbruck Supervisory authority: BH Innsbruck Design, programming [&hellip;]<\/p>\n","protected":false},"author":1,"featured_media":0,"parent":2360,"menu_order":30,"comment_status":"closed","ping_status":"closed","template":"","meta":{"footnotes":""},"class_list":["post-2532","page","type-page","status-publish","hentry"],"yoast_head":"<!-- This site is optimized with the Yoast SEO plugin v27.4 - https:\/\/yoast.com\/product\/yoast-seo-wordpress\/ -->\n<title>Imprint Feldhof - Feldhof | Grawa Alm<\/title>\n<meta name=\"robots\" content=\"index, follow, max-snippet:-1, max-image-preview:large, max-video-preview:-1\" \/>\n<link rel=\"canonical\" href=\"https:\/\/feldhof-tirol.com\/en\/feldhof-apartments\/imprint-feldhof\/\" \/>\n<meta property=\"og:locale\" content=\"en_US\" \/>\n<meta property=\"og:type\" content=\"article\" \/>\n<meta property=\"og:title\" content=\"Imprint Feldhof - Feldhof | Grawa Alm\" \/>\n<meta property=\"og:description\" content=\"Imprint Owner &amp; operator of the website: Family Kr\u00f6sbacher Medrazerstra\u00dfe 34 6166 Fulpmes +43 5225 63167 info@feldhof-tirol.com Company name: Apartment am Feldhof Company name: Kr\u00f6sbacher Johanna Object of the company: Apartments Legal form: Privat Place for the trade licence: Fulpmes im Stubaital VAT Reg. No.:ATU70058439 Chamber affiliation: Wirtschaftskammer Innsbruck Supervisory authority: BH Innsbruck Design, programming [&hellip;]\" \/>\n<meta property=\"og:url\" content=\"https:\/\/feldhof-tirol.com\/en\/feldhof-apartments\/imprint-feldhof\/\" \/>\n<meta property=\"og:site_name\" content=\"Feldhof | Grawa Alm\" \/>\n<meta property=\"article:modified_time\" content=\"2024-05-06T11:52:18+00:00\" \/>\n<meta name=\"twitter:card\" content=\"summary_large_image\" \/>\n<meta name=\"twitter:label1\" content=\"Est. reading time\" \/>\n\t<meta name=\"twitter:data1\" content=\"2 minutes\" \/>\n<script type=\"application\/ld+json\" class=\"yoast-schema-graph\">{\"@context\":\"https:\\\/\\\/schema.org\",\"@graph\":[{\"@type\":\"WebPage\",\"@id\":\"https:\\\/\\\/feldhof-tirol.com\\\/en\\\/feldhof-apartments\\\/imprint-feldhof\\\/\",\"url\":\"https:\\\/\\\/feldhof-tirol.com\\\/en\\\/feldhof-apartments\\\/imprint-feldhof\\\/\",\"name\":\"Imprint Feldhof - Feldhof | Grawa Alm\",\"isPartOf\":{\"@id\":\"https:\\\/\\\/feldhof-tirol.com\\\/en\\\/#website\"},\"datePublished\":\"2024-05-06T11:27:31+00:00\",\"dateModified\":\"2024-05-06T11:52:18+00:00\",\"breadcrumb\":{\"@id\":\"https:\\\/\\\/feldhof-tirol.com\\\/en\\\/feldhof-apartments\\\/imprint-feldhof\\\/#breadcrumb\"},\"inLanguage\":\"en-US\",\"potentialAction\":[{\"@type\":\"ReadAction\",\"target\":[\"https:\\\/\\\/feldhof-tirol.com\\\/en\\\/feldhof-apartments\\\/imprint-feldhof\\\/\"]}]},{\"@type\":\"BreadcrumbList\",\"@id\":\"https:\\\/\\\/feldhof-tirol.com\\\/en\\\/feldhof-apartments\\\/imprint-feldhof\\\/#breadcrumb\",\"itemListElement\":[{\"@type\":\"ListItem\",\"position\":1,\"name\":\"Startseite\",\"item\":\"https:\\\/\\\/feldhof-tirol.com\\\/en\\\/grawa-alm-restaurant-feldhof\\\/\"},{\"@type\":\"ListItem\",\"position\":2,\"name\":\"Feldhof Apartments\",\"item\":\"https:\\\/\\\/feldhof-tirol.com\\\/en\\\/feldhof-apartments\\\/\"},{\"@type\":\"ListItem\",\"position\":3,\"name\":\"Imprint Feldhof\"}]},{\"@type\":\"WebSite\",\"@id\":\"https:\\\/\\\/feldhof-tirol.com\\\/en\\\/#website\",\"url\":\"https:\\\/\\\/feldhof-tirol.com\\\/en\\\/\",\"name\":\"Feldhof | Grawa Alm\",\"description\":\"Apartments im Stubaital\",\"publisher\":{\"@id\":\"https:\\\/\\\/feldhof-tirol.com\\\/en\\\/#organization\"},\"potentialAction\":[{\"@type\":\"SearchAction\",\"target\":{\"@type\":\"EntryPoint\",\"urlTemplate\":\"https:\\\/\\\/feldhof-tirol.com\\\/en\\\/?s={search_term_string}\"},\"query-input\":{\"@type\":\"PropertyValueSpecification\",\"valueRequired\":true,\"valueName\":\"search_term_string\"}}],\"inLanguage\":\"en-US\"},{\"@type\":\"Organization\",\"@id\":\"https:\\\/\\\/feldhof-tirol.com\\\/en\\\/#organization\",\"name\":\"Feldhof | Grawa Alm\",\"url\":\"https:\\\/\\\/feldhof-tirol.com\\\/en\\\/\",\"logo\":{\"@type\":\"ImageObject\",\"inLanguage\":\"en-US\",\"@id\":\"https:\\\/\\\/feldhof-tirol.com\\\/en\\\/#\\\/schema\\\/logo\\\/image\\\/\",\"url\":\"https:\\\/\\\/feldhof-tirol.com\\\/wp-content\\\/uploads\\\/2024\\\/02\\\/Grawa-Alm_Logo_Emblem_rot-Kopie.webp\",\"contentUrl\":\"https:\\\/\\\/feldhof-tirol.com\\\/wp-content\\\/uploads\\\/2024\\\/02\\\/Grawa-Alm_Logo_Emblem_rot-Kopie.webp\",\"width\":1251,\"height\":1250,\"caption\":\"Feldhof | Grawa Alm\"},\"image\":{\"@id\":\"https:\\\/\\\/feldhof-tirol.com\\\/en\\\/#\\\/schema\\\/logo\\\/image\\\/\"}}]}<\/script>\n<!-- \/ Yoast SEO plugin. -->","yoast_head_json":{"title":"Imprint Feldhof - Feldhof | Grawa Alm","robots":{"index":"index","follow":"follow","max-snippet":"max-snippet:-1","max-image-preview":"max-image-preview:large","max-video-preview":"max-video-preview:-1"},"canonical":"https:\/\/feldhof-tirol.com\/en\/feldhof-apartments\/imprint-feldhof\/","og_locale":"en_US","og_type":"article","og_title":"Imprint Feldhof - Feldhof | Grawa Alm","og_description":"Imprint Owner &amp; operator of the website: Family Kr\u00f6sbacher Medrazerstra\u00dfe 34 6166 Fulpmes +43 5225 63167 info@feldhof-tirol.com Company name: Apartment am Feldhof Company name: Kr\u00f6sbacher Johanna Object of the company: Apartments Legal form: Privat Place for the trade licence: Fulpmes im Stubaital VAT Reg. No.:ATU70058439 Chamber affiliation: Wirtschaftskammer Innsbruck Supervisory authority: BH Innsbruck Design, programming [&hellip;]","og_url":"https:\/\/feldhof-tirol.com\/en\/feldhof-apartments\/imprint-feldhof\/","og_site_name":"Feldhof | Grawa Alm","article_modified_time":"2024-05-06T11:52:18+00:00","twitter_card":"summary_large_image","twitter_misc":{"Est. reading time":"2 minutes"},"schema":{"@context":"https:\/\/schema.org","@graph":[{"@type":"WebPage","@id":"https:\/\/feldhof-tirol.com\/en\/feldhof-apartments\/imprint-feldhof\/","url":"https:\/\/feldhof-tirol.com\/en\/feldhof-apartments\/imprint-feldhof\/","name":"Imprint Feldhof - Feldhof | Grawa Alm","isPartOf":{"@id":"https:\/\/feldhof-tirol.com\/en\/#website"},"datePublished":"2024-05-06T11:27:31+00:00","dateModified":"2024-05-06T11:52:18+00:00","breadcrumb":{"@id":"https:\/\/feldhof-tirol.com\/en\/feldhof-apartments\/imprint-feldhof\/#breadcrumb"},"inLanguage":"en-US","potentialAction":[{"@type":"ReadAction","target":["https:\/\/feldhof-tirol.com\/en\/feldhof-apartments\/imprint-feldhof\/"]}]},{"@type":"BreadcrumbList","@id":"https:\/\/feldhof-tirol.com\/en\/feldhof-apartments\/imprint-feldhof\/#breadcrumb","itemListElement":[{"@type":"ListItem","position":1,"name":"Startseite","item":"https:\/\/feldhof-tirol.com\/en\/grawa-alm-restaurant-feldhof\/"},{"@type":"ListItem","position":2,"name":"Feldhof Apartments","item":"https:\/\/feldhof-tirol.com\/en\/feldhof-apartments\/"},{"@type":"ListItem","position":3,"name":"Imprint Feldhof"}]},{"@type":"WebSite","@id":"https:\/\/feldhof-tirol.com\/en\/#website","url":"https:\/\/feldhof-tirol.com\/en\/","name":"Feldhof | Grawa Alm","description":"Apartments im Stubaital","publisher":{"@id":"https:\/\/feldhof-tirol.com\/en\/#organization"},"potentialAction":[{"@type":"SearchAction","target":{"@type":"EntryPoint","urlTemplate":"https:\/\/feldhof-tirol.com\/en\/?s={search_term_string}"},"query-input":{"@type":"PropertyValueSpecification","valueRequired":true,"valueName":"search_term_string"}}],"inLanguage":"en-US"},{"@type":"Organization","@id":"https:\/\/feldhof-tirol.com\/en\/#organization","name":"Feldhof | Grawa Alm","url":"https:\/\/feldhof-tirol.com\/en\/","logo":{"@type":"ImageObject","inLanguage":"en-US","@id":"https:\/\/feldhof-tirol.com\/en\/#\/schema\/logo\/image\/","url":"https:\/\/feldhof-tirol.com\/wp-content\/uploads\/2024\/02\/Grawa-Alm_Logo_Emblem_rot-Kopie.webp","contentUrl":"https:\/\/feldhof-tirol.com\/wp-content\/uploads\/2024\/02\/Grawa-Alm_Logo_Emblem_rot-Kopie.webp","width":1251,"height":1250,"caption":"Feldhof | Grawa Alm"},"image":{"@id":"https:\/\/feldhof-tirol.com\/en\/#\/schema\/logo\/image\/"}}]}},"_links":{"self":[{"href":"https:\/\/feldhof-tirol.com\/en\/wp-json\/wp\/v2\/pages\/2532","targetHints":{"allow":["GET"]}}],"collection":[{"href":"https:\/\/feldhof-tirol.com\/en\/wp-json\/wp\/v2\/pages"}],"about":[{"href":"https:\/\/feldhof-tirol.com\/en\/wp-json\/wp\/v2\/types\/page"}],"author":[{"embeddable":true,"href":"https:\/\/feldhof-tirol.com\/en\/wp-json\/wp\/v2\/users\/1"}],"replies":[{"embeddable":true,"href":"https:\/\/feldhof-tirol.com\/en\/wp-json\/wp\/v2\/comments?post=2532"}],"version-history":[{"count":2,"href":"https:\/\/feldhof-tirol.com\/en\/wp-json\/wp\/v2\/pages\/2532\/revisions"}],"predecessor-version":[{"id":2539,"href":"https:\/\/feldhof-tirol.com\/en\/wp-json\/wp\/v2\/pages\/2532\/revisions\/2539"}],"up":[{"embeddable":true,"href":"https:\/\/feldhof-tirol.com\/en\/wp-json\/wp\/v2\/pages\/2360"}],"wp:attachment":[{"href":"https:\/\/feldhof-tirol.com\/en\/wp-json\/wp\/v2\/media?parent=2532"}],"curies":[{"name":"wp","href":"https:\/\/api.w.org\/{rel}","templated":true}]}}